{"id":18,"date":"2026-02-09T16:52:10","date_gmt":"2026-02-09T16:52:10","guid":{"rendered":"https:\/\/gimnaziala3rasnov.ro\/?page_id=18"},"modified":"2026-02-09T16:52:10","modified_gmt":"2026-02-09T16:52:10","slug":"despre-noi","status":"publish","type":"page","link":"https:\/\/gimnaziala3rasnov.ro\/index.php\/despre-noi\/","title":{"rendered":"Despre noi"},"content":{"rendered":"<p><strong>Cuv\u00e2nt de Bun venit<\/strong><\/p>\n<p>Dragi vizitatori,<\/p>\n<p>Ne face o deosebit\u0103 pl\u0103cere s\u0103 v\u0103 ur\u0103m bun venit pe site-ul \u0218colii Gimnaziale nr. 3 R\u00e2\u0219nov. Este un mijloc de cunoa\u015ftere \u015fi comunicare prin care dorim s\u0103 stabilim un contact permanent \u0219i un dialog constructiv care s\u0103 ajute la cunoa\u015fterea reciproc\u0103.<\/p>\n<p>Prin intermediul paginii Web, dorim s\u0103 v\u0103 inform\u0103m \u00een leg\u0103tur\u0103 cu activitatea noastr\u0103 \u015fi s\u0103 v\u0103 oferim date utile privind retultate ale examenelor, calendar, activitati si examene\u2026etc.<\/p>\n<p>Sper\u0103m c\u0103 acest instrument de informare, pus la dispozi\u0163ia utilizatorilor, va contribui \u00een continuare la consolidarea pun\u0163ilor de leg\u0103tur\u0103 \u00eentre p\u0103rin\u021bi, elevi \u0219i \u0219coala noastra.<\/p>\n<p>&nbsp;<\/p>\n<p>Conducerea unit\u0103\u021bii.<\/p>\n","protected":false},"excerpt":{"rendered":"<p>Cuv\u00e2nt de Bun venit Dragi vizitatori, Ne face o deosebit\u0103 pl\u0103cere s\u0103 v\u0103 ur\u0103m bun venit pe site-ul \u0218colii Gimnaziale &hellip; <\/p>\n","protected":false},"author":1,"featured_media":0,"parent":0,"menu_order":0,"comment_status":"closed","ping_status":"closed","template":"","meta":{"footnotes":""},"class_list":["post-18","page","type-page","status-publish","hentry"],"_links":{"self":[{"href":"https:\/\/gimnaziala3rasnov.ro\/index.php\/wp-json\/wp\/v2\/pages\/18","targetHints":{"allow":["GET"]}}],"collection":[{"href":"https:\/\/gimnaziala3rasnov.ro\/index.php\/wp-json\/wp\/v2\/pages"}],"about":[{"href":"https:\/\/gimnaziala3rasnov.ro\/index.php\/wp-json\/wp\/v2\/types\/page"}],"author":[{"embeddable":true,"href":"https:\/\/gimnaziala3rasnov.ro\/index.php\/wp-json\/wp\/v2\/users\/1"}],"replies":[{"embeddable":true,"href":"https:\/\/gimnaziala3rasnov.ro\/index.php\/wp-json\/wp\/v2\/comments?post=18"}],"version-history":[{"count":1,"href":"https:\/\/gimnaziala3rasnov.ro\/index.php\/wp-json\/wp\/v2\/pages\/18\/revisions"}],"predecessor-version":[{"id":19,"href":"https:\/\/gimnaziala3rasnov.ro\/index.php\/wp-json\/wp\/v2\/pages\/18\/revisions\/19"}],"wp:attachment":[{"href":"https:\/\/gimnaziala3rasnov.ro\/index.php\/wp-json\/wp\/v2\/media?parent=18"}],"curies":[{"name":"wp","href":"https:\/\/api.w.org\/{rel}","templated":true}]}}